{"id":220,"date":"2025-06-12T13:34:48","date_gmt":"2025-06-12T11:34:48","guid":{"rendered":"https:\/\/classicdays.dk\/wordpress\/?page_id=220"},"modified":"2025-06-12T13:43:16","modified_gmt":"2025-06-12T11:43:16","slug":"om-classicdays-dk","status":"publish","type":"page","link":"https:\/\/classicdays.dk\/wordpress\/index.php\/om-classicdays-dk\/","title":{"rendered":"Om Classicdays.dk"},"content":{"rendered":"\n<p>Classicdays.dk er en Event\/Tr\u00e6f kalender for Klassiske og Veterank\u00f8ret\u00f8jer i Danmark<\/p>\n\n\n\n<p>Hvis du har et Event\/Tr\u00e6f som mangler i kalenderen, s\u00e5 send en mail med info til: kim@mail4all.dk<\/p>\n\n\n\n<p>OBS: Husk selv at tjekke eventuelle \u00e6ndringer\/aflysninger for de enkelte Events\/Tr\u00e6f, p\u00e5 deres hjemmeside eller Facebook.<\/p>\n\n\n\n<p>Vi ses derude \ud83d\ude42<\/p>\n","protected":false},"excerpt":{"rendered":"<p>Classicdays.dk er en Event\/Tr\u00e6f kalender for Klassiske og Veterank\u00f8ret\u00f8jer i Danmark Hvis du har et..<\/p>\n","protected":false},"author":1,"featured_media":0,"parent":0,"menu_order":0,"comment_status":"closed","ping_status":"closed","template":"","meta":{"footnotes":""},"class_list":["post-220","page","type-page","status-publish","hentry"],"jetpack_sharing_enabled":true,"_links":{"self":[{"href":"https:\/\/classicdays.dk\/wordpress\/index.php\/wp-json\/wp\/v2\/pages\/220","targetHints":{"allow":["GET"]}}],"collection":[{"href":"https:\/\/classicdays.dk\/wordpress\/index.php\/wp-json\/wp\/v2\/pages"}],"about":[{"href":"https:\/\/classicdays.dk\/wordpress\/index.php\/wp-json\/wp\/v2\/types\/page"}],"author":[{"embeddable":true,"href":"https:\/\/classicdays.dk\/wordpress\/index.php\/wp-json\/wp\/v2\/users\/1"}],"replies":[{"embeddable":true,"href":"https:\/\/classicdays.dk\/wordpress\/index.php\/wp-json\/wp\/v2\/comments?post=220"}],"version-history":[{"count":5,"href":"https:\/\/classicdays.dk\/wordpress\/index.php\/wp-json\/wp\/v2\/pages\/220\/revisions"}],"predecessor-version":[{"id":227,"href":"https:\/\/classicdays.dk\/wordpress\/index.php\/wp-json\/wp\/v2\/pages\/220\/revisions\/227"}],"wp:attachment":[{"href":"https:\/\/classicdays.dk\/wordpress\/index.php\/wp-json\/wp\/v2\/media?parent=220"}],"curies":[{"name":"wp","href":"https:\/\/api.w.org\/{rel}","templated":true}]}}